{"id":787,"date":"2025-05-12T20:51:43","date_gmt":"2025-05-12T18:51:43","guid":{"rendered":"https:\/\/accessibi.com\/?page_id=787"},"modified":"2025-07-23T11:02:06","modified_gmt":"2025-07-23T09:02:06","slug":"declaration-daccessibilite","status":"publish","type":"page","link":"https:\/\/accessibi.com\/be\/declaration-daccessibilite\/","title":{"rendered":"D\u00e9claration d'accessibilit\u00e9"},"content":{"rendered":"<div data-elementor-type=\"wp-page\" data-elementor-id=\"787\" class=\"elementor elementor-787\" data-elementor-post-type=\"page\">\n\t\t\t\t<div class=\"elementor-element elementor-element-aaa9562 e-flex e-con-boxed e-con e-parent\" data-id=\"aaa9562\" data-element_type=\"container\">\n\t\t\t\t\t<div class=\"e-con-inner\">\n\t\t\t\t<div class=\"elementor-element elementor-element-9d7d567 elementor-widget elementor-widget-text-editor\" data-id=\"9d7d567\" data-element_type=\"widget\" data-widget_type=\"text-editor.default\">\n\t\t\t\t<div class=\"elementor-widget-container\">\n\t\t\t\t\t\t\t\t\t<p><strong>D\u00e9claration d'accessibilit\u00e9 du site web pour les sujets priv\u00e9s vis\u00e9s \u00e0 l'article 3, paragraphe 1 de la loi n\u00b0 4 du 9 janvier 2004<\/strong><\/p>\n<p><!-- \/wp:paragraph --><!-- wp:paragraph --><\/p>\n<p><strong>D\u00e9claration<\/strong><strong><br \/><\/strong>GILBI Srl s'engage \u00e0 rendre son site Web accessible, conform\u00e9ment \u00e0 la loi n\u00b0 4 du 9 janvier 2004. Cette d\u00e9claration d'accessibilit\u00e9 s'applique \u00e0 : <a href=\"https:\/\/accessibi.com\/be\/\">www.accessibi.com<\/a><\/p>\n<p><!-- \/wp:paragraph --><!-- wp:paragraph --><\/p>\n<p><strong>\u00c9tat de conformit\u00e9<\/strong><br \/><em><strong>Conforme \u00e0 la loi<\/strong><\/em><br \/>Ce site web est enti\u00e8rement conforme aux exigences de l'annexe A de la norme UNI CEI EN 301549.<\/p>\n<p><strong>Contenu non accessible<\/strong><br \/>Les contenus \u00e9num\u00e9r\u00e9s ci-dessous ne sont pas accessibles pour les raisons suivantes (non-conformit\u00e9 avec la loi n\u00b0 4 du 9 janvier 2004) :<br \/>1.4.3 Contraste (minimum)<br \/>Une version alternative accessible peut \u00eatre obtenue en configurant correctement le widget d'accessibilit\u00e9 sur le site. Une configuration incompl\u00e8te peut r\u00e9duire l'accessibilit\u00e9 globale.<\/p>\n<p><strong>D\u00e9rogations et champ d'application<\/strong><br \/>Aucune exemption pour charge disproportionn\u00e9e n'est actuellement appliqu\u00e9e en vertu de l'article 3 ter de la loi n\u00b0 4 du 9 janvier 2004.<br \/>L'ensemble du contenu du site rel\u00e8ve de la l\u00e9gislation applicable.<\/p>\n<p><!-- \/wp:paragraph --><!-- wp:paragraph --><\/p>\n<p><strong>R\u00e9daction de la d\u00e9claration d'accessibilit\u00e9<br \/><\/strong> Cette d\u00e9claration a \u00e9t\u00e9 faite le 01\/04\/2025.<br \/>L'\u00e9valuation a \u00e9t\u00e9 r\u00e9alis\u00e9e par Accessibi.com au moyen d'une analyse objective et subjective, conform\u00e9ment \u00e0 l'article 3, paragraphe 1, de la d\u00e9cision d'ex\u00e9cution de l'UE 2018\/1523 de la Commission.<br \/>La d\u00e9claration a \u00e9t\u00e9 r\u00e9vis\u00e9e pour la derni\u00e8re fois le 01\/04\/2025, conform\u00e9ment aux recommandations (r\u00e9vision au moins annuelle).<\/p>\n<p><!-- \/wp:paragraph --><!-- wp:paragraph --><\/p>\n<p><strong>Commentaires et informations de contact<\/strong><strong><br \/><\/strong> Pour les rapports et les demandes d'assistance concernant l'accessibilit\u00e9 du site web, veuillez \u00e9crire \u00e0 <a href=\"mailto:help@accessibi.com\">help@accessibi.com<\/a><br \/><em><strong>Responsable de l'\u00e9tablissement des rapports :<\/strong><\/em> Liam Pedrini<\/p>\n<p><!-- \/wp:paragraph --><!-- wp:paragraph --><\/p>\n<p><strong>Comment envoyer des rapports \u00e0 l'AgID<\/strong><strong><br \/><\/strong> En cas de r\u00e9ponse insatisfaisante ou d'absence de r\u00e9ponse dans les 30 jours, un rapport peut \u00eatre envoy\u00e9 \u00e0 l'AgID via la PEC : <a href=\"mailto:protocollo@pec.agid.gov.it\">protocollo@pec.agid.gov.it<\/a><\/p>\n<p><!-- \/wp:paragraph --><!-- wp:paragraph --><\/p>\n<p><strong>Informations sur le site<\/strong><\/p>\n<p><!-- \/wp:paragraph --><!-- wp:list --><\/p>\n<ul class=\"wp-block-list\">\n<li style=\"list-style-type: none;\">\n<ul class=\"wp-block-list\"><!-- wp:list-item --><\/ul>\n<\/li>\n<\/ul>\n<p>\u00a0<\/p>\n<ul class=\"wp-block-list\">\n<li style=\"list-style-type: none;\">\n<ul class=\"wp-block-list\">\n<li>Date de publication du site web : 01\/04\/2025<\/li>\n<\/ul>\n<\/li>\n<\/ul>\n<p><!-- \/wp:list-item --><!-- wp:list-item --><\/p>\n<ul class=\"wp-block-list\">\n<li style=\"list-style-type: none;\">\n<ul class=\"wp-block-list\">\n<li>Des tests de convivialit\u00e9 ont \u00e9t\u00e9 effectu\u00e9s : Oui<\/li>\n<\/ul>\n<\/li>\n<\/ul>\n<p><!-- \/wp:list-item --><!-- wp:list-item --><\/p>\n<ul class=\"wp-block-list\">\n<li style=\"list-style-type: none;\">\n<ul class=\"wp-block-list\">\n<li>CMS utilis\u00e9 : WordPress<\/li>\n<\/ul>\n<\/li>\n<\/ul>\n<p>\u00a0<\/p>\n<p><strong>Informations sur la structure<\/strong><br \/>Non applicable aux entit\u00e9s priv\u00e9es vis\u00e9es \u00e0 l'article 3, paragraphe 1, de la loi 4\/2004.<\/p>\n<p><!-- \/wp:list-item --><\/p>\n<p><!-- \/wp:list --><\/p>\t\t\t\t\t\t\t\t<\/div>\n\t\t\t\t<\/div>\n\t\t\t\t\t<\/div>\n\t\t\t\t<\/div>\n\t\t\t\t<\/div>","protected":false},"excerpt":{"rendered":"<p>Dichiarazione di accessibilit\u00e0 sito web per i Soggetti Privati di cui all\u2019art. 3, comma 1 della Legge 9 gennaio 2004, n. 4 DichiarazioneGILBI Srl si impegna a rendere il proprio sito web accessibile, conformemente alla Legge 9 gennaio 2004, n. 4. La presente dichiarazione di accessibilit\u00e0 si applica a: www.accessibi.com Stato di conformit\u00e0ConformeQuesto sito web [&hellip;]<\/p>","protected":false},"author":1,"featured_media":0,"parent":0,"menu_order":0,"comment_status":"closed","ping_status":"closed","template":"","meta":{"footnotes":""},"class_list":["post-787","page","type-page","status-publish","hentry"],"yoast_head":"<!-- This site is optimized with the Yoast SEO plugin v26.3 - https:\/\/yoast.com\/wordpress\/plugins\/seo\/ -->\n<title>Dichiarazione di accessibilit\u00e0 | Accessibi<\/title>\n<meta name=\"robots\" content=\"index, follow, max-snippet:-1, max-image-preview:large, max-video-preview:-1\" \/>\n<link rel=\"canonical\" href=\"https:\/\/accessibi.com\/be\/declaration-daccessibilite\/\" \/>\n<meta property=\"og:locale\" content=\"fr_FR\" \/>\n<meta property=\"og:type\" content=\"article\" \/>\n<meta property=\"og:title\" content=\"Dichiarazione di accessibilit\u00e0 | Accessibi\" \/>\n<meta property=\"og:description\" content=\"Dichiarazione di accessibilit\u00e0 sito web per i Soggetti Privati di cui all\u2019art. 3, comma 1 della Legge 9 gennaio 2004, n. 4 DichiarazioneGILBI Srl si impegna a rendere il proprio sito web accessibile, conformemente alla Legge 9 gennaio 2004, n. 4. La presente dichiarazione di accessibilit\u00e0 si applica a: www.accessibi.com Stato di conformit\u00e0ConformeQuesto sito web [&hellip;]\" \/>\n<meta property=\"og:url\" content=\"https:\/\/accessibi.com\/be\/declaration-daccessibilite\/\" \/>\n<meta property=\"og:site_name\" content=\"Accessibi\" \/>\n<meta property=\"article:modified_time\" content=\"2025-07-23T09:02:06+00:00\" \/>\n<meta property=\"og:image\" content=\"https:\/\/accessibi.com\/wp-content\/uploads\/2025\/04\/successful-business-team-working-with-project-2025-02-11-18-49-11-utc-scaled.jpg\" \/>\n\t<meta property=\"og:image:width\" content=\"2560\" \/>\n\t<meta property=\"og:image:height\" content=\"1707\" \/>\n\t<meta property=\"og:image:type\" content=\"image\/jpeg\" \/>\n<meta name=\"twitter:card\" content=\"summary_large_image\" \/>\n<meta name=\"twitter:label1\" content=\"Dur\u00e9e de lecture est.\" \/>\n\t<meta name=\"twitter:data1\" content=\"2 minutes\" \/>\n<script type=\"application\/ld+json\" class=\"yoast-schema-graph\">{\"@context\":\"https:\/\/schema.org\",\"@graph\":[{\"@type\":\"WebPage\",\"@id\":\"https:\/\/accessibi.com\/dichiarazione-di-accessibilita\/\",\"url\":\"https:\/\/accessibi.com\/dichiarazione-di-accessibilita\/\",\"name\":\"Dichiarazione di accessibilit\u00e0 | Accessibi\",\"isPartOf\":{\"@id\":\"https:\/\/accessibi.com\/#website\"},\"datePublished\":\"2025-05-12T18:51:43+00:00\",\"dateModified\":\"2025-07-23T09:02:06+00:00\",\"breadcrumb\":{\"@id\":\"https:\/\/accessibi.com\/dichiarazione-di-accessibilita\/#breadcrumb\"},\"inLanguage\":\"fr-BE\",\"potentialAction\":[{\"@type\":\"ReadAction\",\"target\":[\"https:\/\/accessibi.com\/dichiarazione-di-accessibilita\/\"]}]},{\"@type\":\"BreadcrumbList\",\"@id\":\"https:\/\/accessibi.com\/dichiarazione-di-accessibilita\/#breadcrumb\",\"itemListElement\":[{\"@type\":\"ListItem\",\"position\":1,\"name\":\"Home\",\"item\":\"https:\/\/accessibi.com\/\"},{\"@type\":\"ListItem\",\"position\":2,\"name\":\"Dichiarazione di accessibilit\u00e0\"}]},{\"@type\":\"WebSite\",\"@id\":\"https:\/\/accessibi.com\/#website\",\"url\":\"https:\/\/accessibi.com\/\",\"name\":\"Accessibi\",\"description\":\"Accessibilit\u00e0 per tutti, senza compromessi\",\"publisher\":{\"@id\":\"https:\/\/accessibi.com\/#organization\"},\"potentialAction\":[{\"@type\":\"SearchAction\",\"target\":{\"@type\":\"EntryPoint\",\"urlTemplate\":\"https:\/\/accessibi.com\/?s={search_term_string}\"},\"query-input\":{\"@type\":\"PropertyValueSpecification\",\"valueRequired\":true,\"valueName\":\"search_term_string\"}}],\"inLanguage\":\"fr-BE\"},{\"@type\":\"Organization\",\"@id\":\"https:\/\/accessibi.com\/#organization\",\"name\":\"Accessibi\",\"url\":\"https:\/\/accessibi.com\/\",\"logo\":{\"@type\":\"ImageObject\",\"inLanguage\":\"fr-BE\",\"@id\":\"https:\/\/accessibi.com\/#\/schema\/logo\/image\/\",\"url\":\"https:\/\/accessibi.com\/wp-content\/uploads\/2025\/04\/accessibi-blue.svg\",\"contentUrl\":\"https:\/\/accessibi.com\/wp-content\/uploads\/2025\/04\/accessibi-blue.svg\",\"width\":511,\"height\":82,\"caption\":\"Accessibi\"},\"image\":{\"@id\":\"https:\/\/accessibi.com\/#\/schema\/logo\/image\/\"}}]}<\/script>\n<!-- \/ Yoast SEO plugin. -->","yoast_head_json":{"title":"D\u00e9claration d'accessibilit\u00e9 | Accessibi","robots":{"index":"index","follow":"follow","max-snippet":"max-snippet:-1","max-image-preview":"max-image-preview:large","max-video-preview":"max-video-preview:-1"},"canonical":"https:\/\/accessibi.com\/be\/declaration-daccessibilite\/","og_locale":"fr_FR","og_type":"article","og_title":"Dichiarazione di accessibilit\u00e0 | Accessibi","og_description":"Dichiarazione di accessibilit\u00e0 sito web per i Soggetti Privati di cui all\u2019art. 3, comma 1 della Legge 9 gennaio 2004, n. 4 DichiarazioneGILBI Srl si impegna a rendere il proprio sito web accessibile, conformemente alla Legge 9 gennaio 2004, n. 4. La presente dichiarazione di accessibilit\u00e0 si applica a: www.accessibi.com Stato di conformit\u00e0ConformeQuesto sito web [&hellip;]","og_url":"https:\/\/accessibi.com\/be\/declaration-daccessibilite\/","og_site_name":"Accessibi","article_modified_time":"2025-07-23T09:02:06+00:00","og_image":[{"width":2560,"height":1707,"url":"https:\/\/accessibi.com\/wp-content\/uploads\/2025\/04\/successful-business-team-working-with-project-2025-02-11-18-49-11-utc-scaled.jpg","type":"image\/jpeg"}],"twitter_card":"summary_large_image","twitter_misc":{"Dur\u00e9e de lecture est.":"2 minutes"},"schema":{"@context":"https:\/\/schema.org","@graph":[{"@type":"WebPage","@id":"https:\/\/accessibi.com\/dichiarazione-di-accessibilita\/","url":"https:\/\/accessibi.com\/dichiarazione-di-accessibilita\/","name":"D\u00e9claration d'accessibilit\u00e9 | Accessibi","isPartOf":{"@id":"https:\/\/accessibi.com\/#website"},"datePublished":"2025-05-12T18:51:43+00:00","dateModified":"2025-07-23T09:02:06+00:00","breadcrumb":{"@id":"https:\/\/accessibi.com\/dichiarazione-di-accessibilita\/#breadcrumb"},"inLanguage":"fr-BE","potentialAction":[{"@type":"ReadAction","target":["https:\/\/accessibi.com\/dichiarazione-di-accessibilita\/"]}]},{"@type":"BreadcrumbList","@id":"https:\/\/accessibi.com\/dichiarazione-di-accessibilita\/#breadcrumb","itemListElement":[{"@type":"ListItem","position":1,"name":"Home","item":"https:\/\/accessibi.com\/"},{"@type":"ListItem","position":2,"name":"Dichiarazione di accessibilit\u00e0"}]},{"@type":"WebSite","@id":"https:\/\/accessibi.com\/#website","url":"https:\/\/accessibi.com\/","name":"Accessibi","description":"L'accessibilit\u00e9 pour tous, sans compromis","publisher":{"@id":"https:\/\/accessibi.com\/#organization"},"potentialAction":[{"@type":"SearchAction","target":{"@type":"EntryPoint","urlTemplate":"https:\/\/accessibi.com\/?s={search_term_string}"},"query-input":{"@type":"PropertyValueSpecification","valueRequired":true,"valueName":"search_term_string"}}],"inLanguage":"fr-BE"},{"@type":"Organization","@id":"https:\/\/accessibi.com\/#organization","name":"Accessibi","url":"https:\/\/accessibi.com\/","logo":{"@type":"ImageObject","inLanguage":"fr-BE","@id":"https:\/\/accessibi.com\/#\/schema\/logo\/image\/","url":"https:\/\/accessibi.com\/wp-content\/uploads\/2025\/04\/accessibi-blue.svg","contentUrl":"https:\/\/accessibi.com\/wp-content\/uploads\/2025\/04\/accessibi-blue.svg","width":511,"height":82,"caption":"Accessibi"},"image":{"@id":"https:\/\/accessibi.com\/#\/schema\/logo\/image\/"}}]}},"_links":{"self":[{"href":"https:\/\/accessibi.com\/be\/wp-json\/wp\/v2\/pages\/787","targetHints":{"allow":["GET"]}}],"collection":[{"href":"https:\/\/accessibi.com\/be\/wp-json\/wp\/v2\/pages"}],"about":[{"href":"https:\/\/accessibi.com\/be\/wp-json\/wp\/v2\/types\/page"}],"author":[{"embeddable":true,"href":"https:\/\/accessibi.com\/be\/wp-json\/wp\/v2\/users\/1"}],"replies":[{"embeddable":true,"href":"https:\/\/accessibi.com\/be\/wp-json\/wp\/v2\/comments?post=787"}],"version-history":[{"count":23,"href":"https:\/\/accessibi.com\/be\/wp-json\/wp\/v2\/pages\/787\/revisions"}],"predecessor-version":[{"id":953,"href":"https:\/\/accessibi.com\/be\/wp-json\/wp\/v2\/pages\/787\/revisions\/953"}],"wp:attachment":[{"href":"https:\/\/accessibi.com\/be\/wp-json\/wp\/v2\/media?parent=787"}],"curies":[{"name":"wp","href":"https:\/\/api.w.org\/{rel}","templated":true}]}}