{"id":1174,"date":"2025-12-01T22:46:47","date_gmt":"2025-12-01T21:46:47","guid":{"rendered":"https:\/\/accessibi.com\/?page_id=1174"},"modified":"2025-12-01T22:50:28","modified_gmt":"2025-12-01T21:50:28","slug":"datenschutzbestimmungen","status":"publish","type":"page","link":"https:\/\/accessibi.com\/de\/datenschutzbestimmungen\/","title":{"rendered":"Datenschutzbestimmungen"},"content":{"rendered":"<div data-elementor-type=\"wp-page\" data-elementor-id=\"1174\" class=\"elementor elementor-1174\" data-elementor-post-type=\"page\">\n\t\t\t\t<div class=\"elementor-element elementor-element-6ff55fce e-flex e-con-boxed e-con e-parent\" data-id=\"6ff55fce\" data-element_type=\"container\" data-settings=\"{&quot;background_background&quot;:&quot;classic&quot;}\">\n\t\t\t\t\t<div class=\"e-con-inner\">\n\t\t\t\t<div class=\"elementor-element elementor-element-4907a161 elementor-widget__width-inherit elementor-widget elementor-widget-heading\" data-id=\"4907a161\" data-element_type=\"widget\" data-widget_type=\"heading.default\">\n\t\t\t\t<div class=\"elementor-widget-container\">\n\t\t\t\t\t<h1 class=\"elementor-heading-title elementor-size-default\"><h1 data-elementor-setting-key=\"title\" data-pen-placeholder=\"Type Here...\" style=\"font-family: Manrope, sans-serif;font-weight: 600;line-height: 96px;font-size: 80px;text-transform: none;font-style: normal;letter-spacing: -2.5px\">Datenschutzbestimmungen<\/h1><\/h1>\t\t\t\t<\/div>\n\t\t\t\t<\/div>\n\t\t\t\t\t<\/div>\n\t\t\t\t<\/div>\n\t\t<div class=\"elementor-element elementor-element-6bd596f e-flex e-con-boxed e-con e-parent\" data-id=\"6bd596f\" data-element_type=\"container\">\n\t\t\t\t\t<div class=\"e-con-inner\">\n\t\t\t\t<div class=\"elementor-element elementor-element-a503eef elementor-widget elementor-widget-text-editor\" data-id=\"a503eef\" data-element_type=\"widget\" data-widget_type=\"text-editor.default\">\n\t\t\t\t<div class=\"elementor-widget-container\">\n\t\t\t\t\t\t\t\t\t<div class=\"privacy-policy\"><p><strong>DATENSCHUTZPOLITIK (GDPR)<\/strong><br \/>Letzte Aktualisierung: 01\/12\/2025<br \/>Datum des Inkrafttretens: 01\/06\/2025<\/p><p>Diese Datenschutzerkl\u00e4rung wird gem\u00e4\u00df Artikel 13 und 14 der EU-Verordnung 2016\/679 (\u201cGDPR\u201d) bereitgestellt und beschreibt die Methoden der Verarbeitung personenbezogener Daten, die von Web Solution Group Srl, mit Sitz in Via Monte Sabotino 2, 24020 Bergamo (BG), Italien, E-Mail: help@accessibi.com, Telefon: 3490576851 (im Folgenden \u201cInhaber\u201d), \u00fcber die Website https:\/\/accessibi.com (\u201cService\u201d) durchgef\u00fchrt werden.<\/p><p>Indem Sie auf den Dienst zugreifen oder ihn nutzen, erkl\u00e4ren Sie sich mit der in dieser Richtlinie beschriebenen Verarbeitung einverstanden. Wenn Sie nicht die Absicht haben, Ihre Zustimmung zu erteilen oder das Gesagte zu akzeptieren, nutzen Sie den Dienst bitte nicht.<\/p><p>\u00a0<\/p><p><strong>1. Arten der erhobenen personenbezogenen Daten<\/strong><\/p><p>Der f\u00fcr die Verarbeitung Verantwortliche verarbeitet die folgenden Kategorien von Daten:<\/p><p>Vom Nutzer freiwillig zur Verf\u00fcgung gestellte Daten:<\/p><ul><li>Name<\/li><li>E-Mail Adresse<\/li><li>Nummer des Mobiltelefons<\/li><li>Zahlungsdaten (verwaltet durch externe Anbieter, die die Sicherheitsstandards einhalten)<\/li><\/ul><p>Automatisch erfasste Daten:<\/p><ul><li>Zugangsprotokoll<\/li><li>IP-Adressen<\/li><li>Technische Daten des Browsers und des Ger\u00e4ts<\/li><li>Cookies und \u00e4hnliche Technologien (siehe Cookie-Richtlinie)<\/li><\/ul><p>\u00a0<\/p><p><strong>2. Zweck der Verarbeitung und Rechtsgrundlagen<\/strong><\/p><p>Die personenbezogenen Daten werden f\u00fcr die folgenden Zwecke und auf den folgenden Rechtsgrundlagen verarbeitet:<\/p><table border=\"1\" cellspacing=\"0\" cellpadding=\"5\"><thead><tr><th>Zweck<\/th><th>Rechtsgrundlage<\/th><\/tr><\/thead><tbody><tr><td>Servicemanagement, Kundenbetreuung, technische Unterst\u00fctzung<\/td><td>Erf\u00fcllung des Vertrags (Art. 6.1.b GDPR)<\/td><\/tr><tr><td>Bearbeitung und Ausf\u00fchrung von Zahlungen<\/td><td>Vertragserf\u00fcllung\/Rechtliche Verpflichtungen<\/td><\/tr><tr><td>Direktmarketing und Werbekommunikation<\/td><td>Einwilligung der betroffenen Person (Art. 6.1.a GDPR)<\/td><\/tr><tr><td>Ver\u00f6ffentlichung von Erfahrungsberichten (z. B. Rezensionen, Fallstudien)<\/td><td>Zustimmung<\/td><\/tr><tr><td>Gezielte Werbung und begrenztes Profiling f\u00fcr Marketingzwecke<\/td><td>Zustimmung<\/td><\/tr><tr><td>Schutz der Website, Schutz vor Missbrauch und Betrug, Systemsicherheit<\/td><td>Berechtigtes Interesse des f\u00fcr die Verarbeitung Verantwortlichen (Art. 6.1.f GDPR)<\/td><\/tr><tr><td>Rechtliche, steuerliche und buchhalterische Verpflichtungen<\/td><td>Gesetzliche Verpflichtung (Art. 6.1.c GDPR)<\/td><\/tr><\/tbody><\/table><p>Beabsichtigt der f\u00fcr die Verarbeitung Verantwortliche, die Daten in Zukunft f\u00fcr weitere Zwecke zu verarbeiten, ist gegebenenfalls eine neue Einwilligung erforderlich.<\/p><p>\u00a0<\/p><p><strong>3. Vorratsdatenspeicherung<\/strong><\/p><p>Der f\u00fcr die Verarbeitung Verantwortliche bewahrt personenbezogene Daten f\u00fcr einen Zeitraum zwischen 90 Tagen und 24 Monaten nach Beendigung des Kontos oder der letzten Nutzung des Dienstes oder so lange auf, wie es f\u00fcr die Erf\u00fcllung der Zwecke, f\u00fcr die sie gesammelt wurden, erforderlich ist, wie in dieser Richtlinie dargelegt.<\/p><p>Einige Daten k\u00f6nnen in gesetzlich vorgesehenen F\u00e4llen l\u00e4nger aufbewahrt werden (z. B. f\u00fcr steuerliche und buchhalterische Verpflichtungen, f\u00fcr den Rechtsschutz, zur Betrugsbek\u00e4mpfung und zur Aus\u00fcbung oder Verteidigung der Rechte des f\u00fcr die Verarbeitung Verantwortlichen).<\/p><p>Anonymisierte oder aggregierte Daten, die nicht (direkt oder indirekt) auf den Nutzer zur\u00fcckgef\u00fchrt werden k\u00f6nnen, d\u00fcrfen auf unbestimmte Zeit gespeichert werden.<\/p><p>\u00a0<\/p><p><strong>4. Methoden der Verarbeitung<\/strong><\/p><p>Die Verarbeitung personenbezogener Daten erfolgt elektronisch und in begrenzten F\u00e4llen auch manuell, wobei geeignete technische und organisatorische Ma\u00dfnahmen getroffen werden, um die Sicherheit, Vertraulichkeit und Integrit\u00e4t der Daten zu gew\u00e4hrleisten.<\/p><p>Trotz der getroffenen Ma\u00dfnahmen kann kein System absolute Sicherheit garantieren: Die \u00dcbertragung von Informationen \u00fcber das Internet liegt daher in der Verantwortung des Nutzers.<\/p><p>\u00a0<\/p><p><strong>5. Extra-EU-Daten\u00fcbermittlung<\/strong><\/p><p>Einige technische Anbieter der f\u00fcr die Verarbeitung Verantwortlichen (z. B. Cloud-Dienste, Kommunikationsplattformen, Zahlungsgateways oder E-Mail-Marketing-Tools) k\u00f6nnen ihren Sitz au\u00dferhalb des Europ\u00e4ischen Wirtschaftsraums (EWR) haben.<\/p><p>In solchen F\u00e4llen erfolgt die \u00dcbermittlung von Daten nur, wenn angemessene Garantien gem\u00e4\u00df der Datenschutz-Grundverordnung gegeben sind, einschlie\u00dflich:<\/p><ul><li>Angemessenheitsentscheidungen der Europ\u00e4ischen Kommission;<\/li><li>Standardvertragsklauseln (SCC), die von der Europ\u00e4ischen Kommission genehmigt wurden;<\/li><li>erforderlichenfalls zus\u00e4tzliche Sicherheitsma\u00dfnahmen.<\/li><\/ul><p>\u00a0<\/p><p><strong>6. Weitergabe von Daten an Dritte<\/strong><\/p><p>Personenbezogene Daten k\u00f6nnen weitergegeben werden an<\/p><ul><li>Anbieter von technischen, IT- und Hosting-Dienstleistungen;<\/li><li>Zahlungsdienstleister und Kreditinstitute;<\/li><li>Rechts-, Steuer- oder Buchhaltungsberater;<\/li><li>Marketing-Plattformen, CRM- und Automatisierungs-Tools;<\/li><li>Beh\u00f6rden und Kontrollorgane, in den gesetzlich vorgesehenen F\u00e4llen.<\/li><\/ul><p>Diese Parteien verarbeiten die Daten in ihrer Eigenschaft als Datenverarbeiter (gem\u00e4\u00df Artikel 28 DSGVO) oder gegebenenfalls als eigenst\u00e4ndige Datenverantwortliche auf der Grundlage von Vereinbarungen oder rechtlichen Verpflichtungen.<\/p><p>\u00a0<\/p><p><strong>7. Rechte der betroffenen Person<\/strong><\/p><p>Als betroffene Person k\u00f6nnen Sie jederzeit Ihre Rechte gem\u00e4\u00df Artikel 15-22 der DSGVO aus\u00fcben:<\/p><ul><li>Recht auf Zugang zu personenbezogenen Daten;<\/li><li>Recht auf Berichtigung unrichtiger Daten oder Erg\u00e4nzung unvollst\u00e4ndiger Daten;<\/li><li>Recht auf L\u00f6schung (\u201cRecht auf Vergessenwerden\u201d);<\/li><li>Recht auf Einschr\u00e4nkung der Verarbeitung;<\/li><li>Recht auf Widerspruch gegen die Verarbeitung auf der Grundlage eines berechtigten Interesses;<\/li><li>Recht auf Daten\u00fcbertragbarkeit an einen anderen f\u00fcr die Datenverarbeitung Verantwortlichen;<\/li><li>das Recht, die erteilte Einwilligung jederzeit zu widerrufen, unbeschadet der Rechtm\u00e4\u00dfigkeit der aufgrund der Einwilligung vor dem Widerruf erfolgten Verarbeitung;<\/li><li>das Recht, eine Beschwerde bei einer Aufsichtsbeh\u00f6rde (in Italien: Garante per la Protezione dei Dati Personali) einzureichen.<\/li><\/ul><p>Um Ihre Rechte auszu\u00fcben, k\u00f6nnen Sie an die E-Mail-Adresse help@accessibi.com schreiben. Der f\u00fcr die Verarbeitung Verantwortliche wird Ihre Anfrage innerhalb der in den geltenden Vorschriften vorgesehenen Fristen beantworten.<\/p><p>Der Nutzer kann auch jederzeit der Verarbeitung seiner Daten zu Zwecken des Direktmarketings widersprechen oder das Profiling zu kommerziellen Zwecken deaktivieren, indem er an dieselbe Adresse schreibt.<\/p><p>\u00a0<\/p><p><strong>8. Cookies und Tracking-Tools<\/strong><\/p><p>Die Website verwendet Cookies und \u00e4hnliche Technologien, um das Surferlebnis zu verbessern, den Datenverkehr zu analysieren und Inhalte und Anzeigen zu personalisieren.<\/p><p>Ausf\u00fchrliche Informationen \u00fcber die verwendeten Cookies, ihren Zweck und die Handhabung der Zustimmung finden Sie in der speziellen Cookie-Richtlinie, die auf der Website verf\u00fcgbar ist.<\/p><p>\u00a0<\/p><p><strong>9. Sicherheitsma\u00dfnahmen<\/strong><\/p><p>Der f\u00fcr die Verarbeitung Verantwortliche trifft geeignete technische und organisatorische Ma\u00dfnahmen, einschlie\u00dflich:<\/p><ul><li>TLS\/SSL-Verschl\u00fcsselung der Kommunikation;<\/li><li>Firewalls und Perimeterschutzsysteme;<\/li><li>Authentifizierungs- und Zugangsberechtigungsverfahren;<\/li><li>Regelm\u00e4\u00dfige Backups und Systemredundanz;<\/li><li>Schulung des zur Bearbeitung befugten Personals.<\/li><\/ul><p>Dennoch kann die absolute Sicherheit der \u00fcber das Internet \u00fcbermittelten Daten nicht garantiert werden; die \u00dcbermittlung von Informationen erfolgt daher auf eigenes Risiko.<\/p><p>\u00a0<\/p><p><strong>10. Datenschutzbeauftragter \/ Kontaktperson f\u00fcr den Datenschutz<\/strong><\/p><p>Bei Fragen, Unklarheiten oder Beschwerden bez\u00fcglich der Verarbeitung personenbezogener Daten wenden Sie sich bitte an:<\/p><p>Web Solution Group Srl<br \/>Via Monte Sabotino, 2 - 24020 Bergamo (BG), Italien<br \/>E-Mail: help@accessibi.com<\/p><p>Der f\u00fcr die Verarbeitung Verantwortliche wird in \u00dcbereinstimmung mit den geltenden Rechtsvorschriften reagieren.<\/p><p>\u00a0<\/p><p><strong>11. \u00c4nderungen an dieser Politik<\/strong><\/p><p>Der Eigent\u00fcmer kann diese Datenschutzrichtlinie von Zeit zu Zeit aktualisieren. \u00c4nderungen treten 180 Tage nach Ver\u00f6ffentlichung der aktualisierten Version auf der Website in Kraft.<\/p><p>Die weitere Nutzung des Dienstes nach Ablauf dieser Frist gilt als Zustimmung zur neuen Fassung der Richtlinie. Wir empfehlen Ihnen daher, diese Seite regelm\u00e4\u00dfig zu besuchen.<\/p><\/div>\t\t\t\t\t\t\t\t<\/div>\n\t\t\t\t<\/div>\n\t\t\t\t\t<\/div>\n\t\t\t\t<\/div>\n\t\t\t\t<\/div>","protected":false},"excerpt":{"rendered":"<p>Privacy Policy INFORMATIVA SULLA PRIVACY (GDPR)Ultimo aggiornamento: 01\/12\/2025Data di efficacia: 01\/06\/2025 La presente Informativa sulla Privacy \u00e8 resa ai sensi degli artt. 13 e 14 del Regolamento UE 2016\/679 (\u201cGDPR\u201d) e descrive le modalit\u00e0 di trattamento dei dati personali effettuate da Web Solution Group Srl, con sede legale in Via Monte Sabotino 2, 24020 Bergamo [&hellip;]<\/p>","protected":false},"author":1,"featured_media":0,"parent":0,"menu_order":0,"comment_status":"closed","ping_status":"closed","template":"","meta":{"footnotes":""},"class_list":["post-1174","page","type-page","status-publish","hentry"],"yoast_head":"<!-- This site is optimized with the Yoast SEO plugin v26.3 - https:\/\/yoast.com\/wordpress\/plugins\/seo\/ -->\n<title>Privacy Policy | Accessibi<\/title>\n<meta name=\"robots\" content=\"index, follow, max-snippet:-1, max-image-preview:large, max-video-preview:-1\" \/>\n<link rel=\"canonical\" href=\"https:\/\/accessibi.com\/de\/datenschutzbestimmungen\/\" \/>\n<meta property=\"og:locale\" content=\"de_DE\" \/>\n<meta property=\"og:type\" content=\"article\" \/>\n<meta property=\"og:title\" content=\"Privacy Policy | Accessibi\" \/>\n<meta property=\"og:description\" content=\"Privacy Policy INFORMATIVA SULLA PRIVACY (GDPR)Ultimo aggiornamento: 01\/12\/2025Data di efficacia: 01\/06\/2025 La presente Informativa sulla Privacy \u00e8 resa ai sensi degli artt. 13 e 14 del Regolamento UE 2016\/679 (\u201cGDPR\u201d) e descrive le modalit\u00e0 di trattamento dei dati personali effettuate da Web Solution Group Srl, con sede legale in Via Monte Sabotino 2, 24020 Bergamo [&hellip;]\" \/>\n<meta property=\"og:url\" content=\"https:\/\/accessibi.com\/de\/datenschutzbestimmungen\/\" \/>\n<meta property=\"og:site_name\" content=\"Accessibi\" \/>\n<meta property=\"article:modified_time\" content=\"2025-12-01T21:50:28+00:00\" \/>\n<meta property=\"og:image\" content=\"https:\/\/accessibi.com\/wp-content\/uploads\/2025\/04\/successful-business-team-working-with-project-2025-02-11-18-49-11-utc-scaled.jpg\" \/>\n\t<meta property=\"og:image:width\" content=\"2560\" \/>\n\t<meta property=\"og:image:height\" content=\"1707\" \/>\n\t<meta property=\"og:image:type\" content=\"image\/jpeg\" \/>\n<meta name=\"twitter:card\" content=\"summary_large_image\" \/>\n<meta name=\"twitter:label1\" content=\"Gesch\u00e4tzte Lesezeit\" \/>\n\t<meta name=\"twitter:data1\" content=\"19\u00a0Minuten\" \/>\n<script type=\"application\/ld+json\" class=\"yoast-schema-graph\">{\"@context\":\"https:\/\/schema.org\",\"@graph\":[{\"@type\":\"WebPage\",\"@id\":\"https:\/\/accessibi.com\/it\/privacy-policy\/\",\"url\":\"https:\/\/accessibi.com\/it\/privacy-policy\/\",\"name\":\"Privacy Policy | Accessibi\",\"isPartOf\":{\"@id\":\"https:\/\/accessibi.com\/#website\"},\"datePublished\":\"2025-12-01T21:46:47+00:00\",\"dateModified\":\"2025-12-01T21:50:28+00:00\",\"breadcrumb\":{\"@id\":\"https:\/\/accessibi.com\/it\/privacy-policy\/#breadcrumb\"},\"inLanguage\":\"de\",\"potentialAction\":[{\"@type\":\"ReadAction\",\"target\":[\"https:\/\/accessibi.com\/it\/privacy-policy\/\"]}]},{\"@type\":\"BreadcrumbList\",\"@id\":\"https:\/\/accessibi.com\/it\/privacy-policy\/#breadcrumb\",\"itemListElement\":[{\"@type\":\"ListItem\",\"position\":1,\"name\":\"Home\",\"item\":\"https:\/\/accessibi.com\/\"},{\"@type\":\"ListItem\",\"position\":2,\"name\":\"Privacy Policy\"}]},{\"@type\":\"WebSite\",\"@id\":\"https:\/\/accessibi.com\/#website\",\"url\":\"https:\/\/accessibi.com\/\",\"name\":\"Accessibi\",\"description\":\"Accessibilit\u00e0 per tutti, senza compromessi\",\"publisher\":{\"@id\":\"https:\/\/accessibi.com\/#organization\"},\"potentialAction\":[{\"@type\":\"SearchAction\",\"target\":{\"@type\":\"EntryPoint\",\"urlTemplate\":\"https:\/\/accessibi.com\/?s={search_term_string}\"},\"query-input\":{\"@type\":\"PropertyValueSpecification\",\"valueRequired\":true,\"valueName\":\"search_term_string\"}}],\"inLanguage\":\"de\"},{\"@type\":\"Organization\",\"@id\":\"https:\/\/accessibi.com\/#organization\",\"name\":\"Accessibi\",\"url\":\"https:\/\/accessibi.com\/\",\"logo\":{\"@type\":\"ImageObject\",\"inLanguage\":\"de\",\"@id\":\"https:\/\/accessibi.com\/#\/schema\/logo\/image\/\",\"url\":\"https:\/\/accessibi.com\/wp-content\/uploads\/2025\/04\/accessibi-blue.svg\",\"contentUrl\":\"https:\/\/accessibi.com\/wp-content\/uploads\/2025\/04\/accessibi-blue.svg\",\"width\":511,\"height\":82,\"caption\":\"Accessibi\"},\"image\":{\"@id\":\"https:\/\/accessibi.com\/#\/schema\/logo\/image\/\"}}]}<\/script>\n<!-- \/ Yoast SEO plugin. -->","yoast_head_json":{"title":"Datenschutzpolitik | Accessibi","robots":{"index":"index","follow":"follow","max-snippet":"max-snippet:-1","max-image-preview":"max-image-preview:large","max-video-preview":"max-video-preview:-1"},"canonical":"https:\/\/accessibi.com\/de\/datenschutzbestimmungen\/","og_locale":"de_DE","og_type":"article","og_title":"Privacy Policy | Accessibi","og_description":"Privacy Policy INFORMATIVA SULLA PRIVACY (GDPR)Ultimo aggiornamento: 01\/12\/2025Data di efficacia: 01\/06\/2025 La presente Informativa sulla Privacy \u00e8 resa ai sensi degli artt. 13 e 14 del Regolamento UE 2016\/679 (\u201cGDPR\u201d) e descrive le modalit\u00e0 di trattamento dei dati personali effettuate da Web Solution Group Srl, con sede legale in Via Monte Sabotino 2, 24020 Bergamo [&hellip;]","og_url":"https:\/\/accessibi.com\/de\/datenschutzbestimmungen\/","og_site_name":"Accessibi","article_modified_time":"2025-12-01T21:50:28+00:00","og_image":[{"width":2560,"height":1707,"url":"https:\/\/accessibi.com\/wp-content\/uploads\/2025\/04\/successful-business-team-working-with-project-2025-02-11-18-49-11-utc-scaled.jpg","type":"image\/jpeg"}],"twitter_card":"summary_large_image","twitter_misc":{"Gesch\u00e4tzte Lesezeit":"19\u00a0Minuten"},"schema":{"@context":"https:\/\/schema.org","@graph":[{"@type":"WebPage","@id":"https:\/\/accessibi.com\/it\/privacy-policy\/","url":"https:\/\/accessibi.com\/it\/privacy-policy\/","name":"Datenschutzpolitik | Accessibi","isPartOf":{"@id":"https:\/\/accessibi.com\/#website"},"datePublished":"2025-12-01T21:46:47+00:00","dateModified":"2025-12-01T21:50:28+00:00","breadcrumb":{"@id":"https:\/\/accessibi.com\/it\/privacy-policy\/#breadcrumb"},"inLanguage":"de","potentialAction":[{"@type":"ReadAction","target":["https:\/\/accessibi.com\/it\/privacy-policy\/"]}]},{"@type":"BreadcrumbList","@id":"https:\/\/accessibi.com\/it\/privacy-policy\/#breadcrumb","itemListElement":[{"@type":"ListItem","position":1,"name":"Home","item":"https:\/\/accessibi.com\/"},{"@type":"ListItem","position":2,"name":"Privacy Policy"}]},{"@type":"WebSite","@id":"https:\/\/accessibi.com\/#website","url":"https:\/\/accessibi.com\/","name":"Accessibi","description":"Zug\u00e4nglichkeit f\u00fcr alle, ohne Kompromisse","publisher":{"@id":"https:\/\/accessibi.com\/#organization"},"potentialAction":[{"@type":"SearchAction","target":{"@type":"EntryPoint","urlTemplate":"https:\/\/accessibi.com\/?s={search_term_string}"},"query-input":{"@type":"PropertyValueSpecification","valueRequired":true,"valueName":"search_term_string"}}],"inLanguage":"de"},{"@type":"Organization","@id":"https:\/\/accessibi.com\/#organization","name":"Accessibi","url":"https:\/\/accessibi.com\/","logo":{"@type":"ImageObject","inLanguage":"de","@id":"https:\/\/accessibi.com\/#\/schema\/logo\/image\/","url":"https:\/\/accessibi.com\/wp-content\/uploads\/2025\/04\/accessibi-blue.svg","contentUrl":"https:\/\/accessibi.com\/wp-content\/uploads\/2025\/04\/accessibi-blue.svg","width":511,"height":82,"caption":"Accessibi"},"image":{"@id":"https:\/\/accessibi.com\/#\/schema\/logo\/image\/"}}]}},"_links":{"self":[{"href":"https:\/\/accessibi.com\/de\/wp-json\/wp\/v2\/pages\/1174","targetHints":{"allow":["GET"]}}],"collection":[{"href":"https:\/\/accessibi.com\/de\/wp-json\/wp\/v2\/pages"}],"about":[{"href":"https:\/\/accessibi.com\/de\/wp-json\/wp\/v2\/types\/page"}],"author":[{"embeddable":true,"href":"https:\/\/accessibi.com\/de\/wp-json\/wp\/v2\/users\/1"}],"replies":[{"embeddable":true,"href":"https:\/\/accessibi.com\/de\/wp-json\/wp\/v2\/comments?post=1174"}],"version-history":[{"count":4,"href":"https:\/\/accessibi.com\/de\/wp-json\/wp\/v2\/pages\/1174\/revisions"}],"predecessor-version":[{"id":1185,"href":"https:\/\/accessibi.com\/de\/wp-json\/wp\/v2\/pages\/1174\/revisions\/1185"}],"wp:attachment":[{"href":"https:\/\/accessibi.com\/de\/wp-json\/wp\/v2\/media?parent=1174"}],"curies":[{"name":"wp","href":"https:\/\/api.w.org\/{rel}","templated":true}]}}