{"id":787,"date":"2025-05-12T20:51:43","date_gmt":"2025-05-12T18:51:43","guid":{"rendered":"https:\/\/accessibi.com\/?page_id=787"},"modified":"2025-07-23T11:02:06","modified_gmt":"2025-07-23T09:02:06","slug":"deklaracja-dostepnosci","status":"publish","type":"page","link":"https:\/\/accessibi.com\/pl\/deklaracja-dostepnosci\/","title":{"rendered":"Deklaracja dost\u0119pno\u015bci"},"content":{"rendered":"<div data-elementor-type=\"wp-page\" data-elementor-id=\"787\" class=\"elementor elementor-787\" data-elementor-post-type=\"page\">\n\t\t\t\t<div class=\"elementor-element elementor-element-aaa9562 e-flex e-con-boxed e-con e-parent\" data-id=\"aaa9562\" data-element_type=\"container\">\n\t\t\t\t\t<div class=\"e-con-inner\">\n\t\t\t\t<div class=\"elementor-element elementor-element-9d7d567 elementor-widget elementor-widget-text-editor\" data-id=\"9d7d567\" data-element_type=\"widget\" data-widget_type=\"text-editor.default\">\n\t\t\t\t<div class=\"elementor-widget-container\">\n\t\t\t\t\t\t\t\t\t<p><strong>Deklaracja dost\u0119pno\u015bci strony internetowej dla podmiot\u00f3w prywatnych, o kt\u00f3rej mowa w art. 3 ust. 1 ustawy nr 4 z dnia 9 stycznia 2004 r.<\/strong><\/p>\n<p><!-- \/wp:paragraph --><!-- wp:paragraph --><\/p>\n<p><strong>Deklaracja<\/strong><strong><br \/><\/strong>GILBI Srl zobowi\u0105zuje si\u0119 do udost\u0119pnienia swojej strony internetowej zgodnie z ustaw\u0105 nr 4 z dnia 9 stycznia 2004 r. Niniejsza deklaracja dost\u0119pno\u015bci ma zastosowanie do: <a href=\"https:\/\/accessibi.com\/pl\/\">www.accessibi.com<\/a><\/p>\n<p><!-- \/wp:paragraph --><!-- wp:paragraph --><\/p>\n<p><strong>Status zgodno\u015bci<\/strong><br \/><em><strong>Zgodno\u015b\u0107<\/strong><\/em><br \/>Niniejsza strona internetowa jest w pe\u0142ni zgodna z wymaganiami Za\u0142\u0105cznika A normy UNI CEI EN 301549.<\/p>\n<p><strong>Niedost\u0119pna zawarto\u015b\u0107<\/strong><br \/>Tre\u015bci wymienione poni\u017cej nie s\u0105 dost\u0119pne z nast\u0119puj\u0105cych powod\u00f3w (niezgodno\u015b\u0107 z ustaw\u0105 nr 4 z dnia 9 stycznia 2004 r.):<br \/>1.4.3 Kontrast (minimalny)<br \/>Alternatywn\u0105 dost\u0119pn\u0105 wersj\u0119 mo\u017cna uzyska\u0107 poprzez prawid\u0142owe skonfigurowanie wid\u017cetu dost\u0119pno\u015bci na stronie. Niekompletna konfiguracja mo\u017ce zmniejszy\u0107 og\u00f3ln\u0105 dost\u0119pno\u015b\u0107.<\/p>\n<p><strong>Odst\u0119pstwa i zakres stosowania<\/strong><br \/>Zgodnie z art. 3-ter ustawy nr 4 z dnia 9 stycznia 2004 r. nie stosuje si\u0119 obecnie \u017cadnych zwolnie\u0144 z tytu\u0142u nieproporcjonalnego obci\u0105\u017cenia.<br \/>Ca\u0142a zawarto\u015b\u0107 witryny jest obj\u0119ta zakresem obowi\u0105zuj\u0105cych przepis\u00f3w prawa.<\/p>\n<p><!-- \/wp:paragraph --><!-- wp:paragraph --><\/p>\n<p><strong>Sporz\u0105dzanie deklaracji dost\u0119pno\u015bci<br \/><\/strong> O\u015bwiadczenie to zosta\u0142o z\u0142o\u017cone w dniu 01.04.2025 r.<br \/>Ocena zosta\u0142a przeprowadzona przez Accessibi.com za pomoc\u0105 obiektywnej i subiektywnej analizy, zgodnie z art. 3 ust. 1 decyzji wykonawczej UE 2018\/1523 Komisji.<br \/>Deklaracja zosta\u0142a ostatnio zweryfikowana w dniu 01.04.2025 r., zgodnie z zaleceniami (weryfikacja co najmniej raz w roku).<\/p>\n<p><!-- \/wp:paragraph --><!-- wp:paragraph --><\/p>\n<p><strong>Informacje zwrotne i kontaktowe<\/strong><strong><br \/><\/strong> W przypadku zg\u0142osze\u0144 i pr\u00f3\u015bb o pomoc dotycz\u0105cych dost\u0119pno\u015bci strony internetowej, prosimy o kontakt pod adresem <a href=\"mailto:help@accessibi.com\">help@accessibi.com<\/a><br \/><em><strong>Odpowiedzialny za raportowanie:<\/strong><\/em> Liam Pedrini<\/p>\n<p><!-- \/wp:paragraph --><!-- wp:paragraph --><\/p>\n<p><strong>Jak wysy\u0142a\u0107 raporty do AgID<\/strong><strong><br \/><\/strong> W przypadku niezadowalaj\u0105cej odpowiedzi lub jej braku w ci\u0105gu 30 dni, raport mo\u017ce zosta\u0107 wys\u0142any do AgID za po\u015brednictwem PEC: <a href=\"mailto:protocollo@pec.agid.gov.it\">protocollo@pec.agid.gov.it<\/a><\/p>\n<p><!-- \/wp:paragraph --><!-- wp:paragraph --><\/p>\n<p><strong>Informacje o witrynie<\/strong><\/p>\n<p><!-- \/wp:paragraph --><!-- wp:list --><\/p>\n<ul class=\"wp-block-list\">\n<li style=\"list-style-type: none;\">\n<ul class=\"wp-block-list\"><!-- wp:list-item --><\/ul>\n<\/li>\n<\/ul>\n<p>\u00a0<\/p>\n<ul class=\"wp-block-list\">\n<li style=\"list-style-type: none;\">\n<ul class=\"wp-block-list\">\n<li>Data publikacji na stronie internetowej: 01\/04\/2025<\/li>\n<\/ul>\n<\/li>\n<\/ul>\n<p><!-- \/wp:list-item --><!-- wp:list-item --><\/p>\n<ul class=\"wp-block-list\">\n<li style=\"list-style-type: none;\">\n<ul class=\"wp-block-list\">\n<li>Przeprowadzono testy u\u017cyteczno\u015bci: Tak<\/li>\n<\/ul>\n<\/li>\n<\/ul>\n<p><!-- \/wp:list-item --><!-- wp:list-item --><\/p>\n<ul class=\"wp-block-list\">\n<li style=\"list-style-type: none;\">\n<ul class=\"wp-block-list\">\n<li>Zastosowany CMS: WordPress<\/li>\n<\/ul>\n<\/li>\n<\/ul>\n<p>\u00a0<\/p>\n<p><strong>Informacje o strukturze<\/strong><br \/>Nie dotyczy podmiot\u00f3w prywatnych, o kt\u00f3rych mowa w art. 3 ust. 1 ustawy 4\/2004.<\/p>\n<p><!-- \/wp:list-item --><\/p>\n<p><!-- \/wp:list --><\/p>\t\t\t\t\t\t\t\t<\/div>\n\t\t\t\t<\/div>\n\t\t\t\t\t<\/div>\n\t\t\t\t<\/div>\n\t\t\t\t<\/div>","protected":false},"excerpt":{"rendered":"<p>Dichiarazione di accessibilit\u00e0 sito web per i Soggetti Privati di cui all\u2019art. 3, comma 1 della Legge 9 gennaio 2004, n. 4 DichiarazioneGILBI Srl si impegna a rendere il proprio sito web accessibile, conformemente alla Legge 9 gennaio 2004, n. 4. La presente dichiarazione di accessibilit\u00e0 si applica a: www.accessibi.com Stato di conformit\u00e0ConformeQuesto sito web [&hellip;]<\/p>","protected":false},"author":1,"featured_media":0,"parent":0,"menu_order":0,"comment_status":"closed","ping_status":"closed","template":"","meta":{"footnotes":""},"class_list":["post-787","page","type-page","status-publish","hentry"],"yoast_head":"<!-- This site is optimized with the Yoast SEO plugin v26.3 - https:\/\/yoast.com\/wordpress\/plugins\/seo\/ -->\n<title>Dichiarazione di accessibilit\u00e0 | Accessibi<\/title>\n<meta name=\"robots\" content=\"index, follow, max-snippet:-1, max-image-preview:large, max-video-preview:-1\" \/>\n<link rel=\"canonical\" href=\"https:\/\/accessibi.com\/pl\/deklaracja-dostepnosci\/\" \/>\n<meta property=\"og:locale\" content=\"pl_PL\" \/>\n<meta property=\"og:type\" content=\"article\" \/>\n<meta property=\"og:title\" content=\"Dichiarazione di accessibilit\u00e0 | Accessibi\" \/>\n<meta property=\"og:description\" content=\"Dichiarazione di accessibilit\u00e0 sito web per i Soggetti Privati di cui all\u2019art. 3, comma 1 della Legge 9 gennaio 2004, n. 4 DichiarazioneGILBI Srl si impegna a rendere il proprio sito web accessibile, conformemente alla Legge 9 gennaio 2004, n. 4. La presente dichiarazione di accessibilit\u00e0 si applica a: www.accessibi.com Stato di conformit\u00e0ConformeQuesto sito web [&hellip;]\" \/>\n<meta property=\"og:url\" content=\"https:\/\/accessibi.com\/pl\/deklaracja-dostepnosci\/\" \/>\n<meta property=\"og:site_name\" content=\"Accessibi\" \/>\n<meta property=\"article:modified_time\" content=\"2025-07-23T09:02:06+00:00\" \/>\n<meta property=\"og:image\" content=\"https:\/\/accessibi.com\/wp-content\/uploads\/2025\/04\/successful-business-team-working-with-project-2025-02-11-18-49-11-utc-scaled.jpg\" \/>\n\t<meta property=\"og:image:width\" content=\"2560\" \/>\n\t<meta property=\"og:image:height\" content=\"1707\" \/>\n\t<meta property=\"og:image:type\" content=\"image\/jpeg\" \/>\n<meta name=\"twitter:card\" content=\"summary_large_image\" \/>\n<meta name=\"twitter:label1\" content=\"Szacowany czas czytania\" \/>\n\t<meta name=\"twitter:data1\" content=\"2 minuty\" \/>\n<script type=\"application\/ld+json\" class=\"yoast-schema-graph\">{\"@context\":\"https:\/\/schema.org\",\"@graph\":[{\"@type\":\"WebPage\",\"@id\":\"https:\/\/accessibi.com\/dichiarazione-di-accessibilita\/\",\"url\":\"https:\/\/accessibi.com\/dichiarazione-di-accessibilita\/\",\"name\":\"Dichiarazione di accessibilit\u00e0 | Accessibi\",\"isPartOf\":{\"@id\":\"https:\/\/accessibi.com\/#website\"},\"datePublished\":\"2025-05-12T18:51:43+00:00\",\"dateModified\":\"2025-07-23T09:02:06+00:00\",\"breadcrumb\":{\"@id\":\"https:\/\/accessibi.com\/dichiarazione-di-accessibilita\/#breadcrumb\"},\"inLanguage\":\"pl-PL\",\"potentialAction\":[{\"@type\":\"ReadAction\",\"target\":[\"https:\/\/accessibi.com\/dichiarazione-di-accessibilita\/\"]}]},{\"@type\":\"BreadcrumbList\",\"@id\":\"https:\/\/accessibi.com\/dichiarazione-di-accessibilita\/#breadcrumb\",\"itemListElement\":[{\"@type\":\"ListItem\",\"position\":1,\"name\":\"Home\",\"item\":\"https:\/\/accessibi.com\/\"},{\"@type\":\"ListItem\",\"position\":2,\"name\":\"Dichiarazione di accessibilit\u00e0\"}]},{\"@type\":\"WebSite\",\"@id\":\"https:\/\/accessibi.com\/#website\",\"url\":\"https:\/\/accessibi.com\/\",\"name\":\"Accessibi\",\"description\":\"Accessibilit\u00e0 per tutti, senza compromessi\",\"publisher\":{\"@id\":\"https:\/\/accessibi.com\/#organization\"},\"potentialAction\":[{\"@type\":\"SearchAction\",\"target\":{\"@type\":\"EntryPoint\",\"urlTemplate\":\"https:\/\/accessibi.com\/?s={search_term_string}\"},\"query-input\":{\"@type\":\"PropertyValueSpecification\",\"valueRequired\":true,\"valueName\":\"search_term_string\"}}],\"inLanguage\":\"pl-PL\"},{\"@type\":\"Organization\",\"@id\":\"https:\/\/accessibi.com\/#organization\",\"name\":\"Accessibi\",\"url\":\"https:\/\/accessibi.com\/\",\"logo\":{\"@type\":\"ImageObject\",\"inLanguage\":\"pl-PL\",\"@id\":\"https:\/\/accessibi.com\/#\/schema\/logo\/image\/\",\"url\":\"https:\/\/accessibi.com\/wp-content\/uploads\/2025\/04\/accessibi-blue.svg\",\"contentUrl\":\"https:\/\/accessibi.com\/wp-content\/uploads\/2025\/04\/accessibi-blue.svg\",\"width\":511,\"height\":82,\"caption\":\"Accessibi\"},\"image\":{\"@id\":\"https:\/\/accessibi.com\/#\/schema\/logo\/image\/\"}}]}<\/script>\n<!-- \/ Yoast SEO plugin. -->","yoast_head_json":{"title":"O\u015bwiadczenie o dost\u0119pno\u015bci | Accessibi","robots":{"index":"index","follow":"follow","max-snippet":"max-snippet:-1","max-image-preview":"max-image-preview:large","max-video-preview":"max-video-preview:-1"},"canonical":"https:\/\/accessibi.com\/pl\/deklaracja-dostepnosci\/","og_locale":"pl_PL","og_type":"article","og_title":"Dichiarazione di accessibilit\u00e0 | Accessibi","og_description":"Dichiarazione di accessibilit\u00e0 sito web per i Soggetti Privati di cui all\u2019art. 3, comma 1 della Legge 9 gennaio 2004, n. 4 DichiarazioneGILBI Srl si impegna a rendere il proprio sito web accessibile, conformemente alla Legge 9 gennaio 2004, n. 4. La presente dichiarazione di accessibilit\u00e0 si applica a: www.accessibi.com Stato di conformit\u00e0ConformeQuesto sito web [&hellip;]","og_url":"https:\/\/accessibi.com\/pl\/deklaracja-dostepnosci\/","og_site_name":"Accessibi","article_modified_time":"2025-07-23T09:02:06+00:00","og_image":[{"width":2560,"height":1707,"url":"https:\/\/accessibi.com\/wp-content\/uploads\/2025\/04\/successful-business-team-working-with-project-2025-02-11-18-49-11-utc-scaled.jpg","type":"image\/jpeg"}],"twitter_card":"summary_large_image","twitter_misc":{"Szacowany czas czytania":"2 minuty"},"schema":{"@context":"https:\/\/schema.org","@graph":[{"@type":"WebPage","@id":"https:\/\/accessibi.com\/dichiarazione-di-accessibilita\/","url":"https:\/\/accessibi.com\/dichiarazione-di-accessibilita\/","name":"O\u015bwiadczenie o dost\u0119pno\u015bci | Accessibi","isPartOf":{"@id":"https:\/\/accessibi.com\/#website"},"datePublished":"2025-05-12T18:51:43+00:00","dateModified":"2025-07-23T09:02:06+00:00","breadcrumb":{"@id":"https:\/\/accessibi.com\/dichiarazione-di-accessibilita\/#breadcrumb"},"inLanguage":"pl-PL","potentialAction":[{"@type":"ReadAction","target":["https:\/\/accessibi.com\/dichiarazione-di-accessibilita\/"]}]},{"@type":"BreadcrumbList","@id":"https:\/\/accessibi.com\/dichiarazione-di-accessibilita\/#breadcrumb","itemListElement":[{"@type":"ListItem","position":1,"name":"Home","item":"https:\/\/accessibi.com\/"},{"@type":"ListItem","position":2,"name":"Dichiarazione di accessibilit\u00e0"}]},{"@type":"WebSite","@id":"https:\/\/accessibi.com\/#website","url":"https:\/\/accessibi.com\/","name":"Accessibi","description":"Dost\u0119pno\u015b\u0107 dla wszystkich, bez kompromis\u00f3w","publisher":{"@id":"https:\/\/accessibi.com\/#organization"},"potentialAction":[{"@type":"SearchAction","target":{"@type":"EntryPoint","urlTemplate":"https:\/\/accessibi.com\/?s={search_term_string}"},"query-input":{"@type":"PropertyValueSpecification","valueRequired":true,"valueName":"search_term_string"}}],"inLanguage":"pl-PL"},{"@type":"Organization","@id":"https:\/\/accessibi.com\/#organization","name":"Accessibi","url":"https:\/\/accessibi.com\/","logo":{"@type":"ImageObject","inLanguage":"pl-PL","@id":"https:\/\/accessibi.com\/#\/schema\/logo\/image\/","url":"https:\/\/accessibi.com\/wp-content\/uploads\/2025\/04\/accessibi-blue.svg","contentUrl":"https:\/\/accessibi.com\/wp-content\/uploads\/2025\/04\/accessibi-blue.svg","width":511,"height":82,"caption":"Accessibi"},"image":{"@id":"https:\/\/accessibi.com\/#\/schema\/logo\/image\/"}}]}},"_links":{"self":[{"href":"https:\/\/accessibi.com\/pl\/wp-json\/wp\/v2\/pages\/787","targetHints":{"allow":["GET"]}}],"collection":[{"href":"https:\/\/accessibi.com\/pl\/wp-json\/wp\/v2\/pages"}],"about":[{"href":"https:\/\/accessibi.com\/pl\/wp-json\/wp\/v2\/types\/page"}],"author":[{"embeddable":true,"href":"https:\/\/accessibi.com\/pl\/wp-json\/wp\/v2\/users\/1"}],"replies":[{"embeddable":true,"href":"https:\/\/accessibi.com\/pl\/wp-json\/wp\/v2\/comments?post=787"}],"version-history":[{"count":23,"href":"https:\/\/accessibi.com\/pl\/wp-json\/wp\/v2\/pages\/787\/revisions"}],"predecessor-version":[{"id":953,"href":"https:\/\/accessibi.com\/pl\/wp-json\/wp\/v2\/pages\/787\/revisions\/953"}],"wp:attachment":[{"href":"https:\/\/accessibi.com\/pl\/wp-json\/wp\/v2\/media?parent=787"}],"curies":[{"name":"wp","href":"https:\/\/api.w.org\/{rel}","templated":true}]}}